{"id":1721,"date":"2024-02-12T10:03:48","date_gmt":"2024-02-12T09:03:48","guid":{"rendered":"https:\/\/lekker.qodeinteractive.com\/?page_id=1721"},"modified":"2025-04-02T17:50:31","modified_gmt":"2025-04-02T15:50:31","slug":"contact","status":"publish","type":"page","link":"https:\/\/marineherisson.com\/en\/contact\/","title":{"rendered":"Contact"},"content":{"rendered":"<div data-elementor-type=\"wp-page\" data-elementor-id=\"1721\" class=\"elementor elementor-1721\">\n\t\t\t\t\t\t<section class=\"elementor-section elementor-top-section elementor-element elementor-element-589431c8 elementor-section-full_width elementor-section-height-default elementor-section-height-default qodef-elementor-content-no\" data-id=\"589431c8\" data-element_type=\"section\" data-e-type=\"section\" data-settings=\"{&quot;background_background&quot;:&quot;classic&quot;}\">\n\t\t\t\t\t\t<div class=\"elementor-container elementor-column-gap-no\">\n\t\t\t\t\t<div class=\"elementor-column elementor-col-50 elementor-top-column elementor-element elementor-element-196f9551\" data-id=\"196f9551\" data-element_type=\"column\" data-e-type=\"column\">\n\t\t\t<div class=\"elementor-widget-wrap elementor-element-populated\">\n\t\t\t\t\t\t<div class=\"elementor-element elementor-element-65908a70 elementor-widget elementor-widget-text-editor\" data-id=\"65908a70\" data-element_type=\"widget\" data-e-type=\"widget\" data-widget_type=\"text-editor.default\">\n\t\t\t\t<div class=\"elementor-widget-container\">\n\t\t\t\t\t\t\t\t\t<h1>Leave me a message!<\/h1>\t\t\t\t\t\t\t\t<\/div>\n\t\t\t\t<\/div>\n\t\t\t\t<section class=\"elementor-section elementor-inner-section elementor-element elementor-element-7a2e7441 elementor-section-boxed elementor-section-height-default elementor-section-height-default qodef-elementor-content-no\" data-id=\"7a2e7441\" data-element_type=\"section\" data-e-type=\"section\">\n\t\t\t\t\t\t<div class=\"elementor-container elementor-column-gap-default\">\n\t\t\t\t\t<div class=\"elementor-column elementor-col-100 elementor-inner-column elementor-element elementor-element-dd8ba58\" data-id=\"dd8ba58\" data-element_type=\"column\" data-e-type=\"column\">\n\t\t\t<div class=\"elementor-widget-wrap elementor-element-populated\">\n\t\t\t\t\t\t<div class=\"elementor-element elementor-element-3b7b2431 elementor-widget elementor-widget-text-editor\" data-id=\"3b7b2431\" data-element_type=\"widget\" data-e-type=\"widget\" data-widget_type=\"text-editor.default\">\n\t\t\t\t<div class=\"elementor-widget-container\">\n\t\t\t\t\t\t\t\t\t<p style=\"text-align: left;\"><strong>Do you have a project in mind? <\/strong><\/p><p style=\"text-align: left;\">Contact me to discuss your needs and get a free quote.<\/p><p style=\"text-align: left;\">I'd be delighted to help you create your own unique products.<\/p><p style=\"text-align: left;\">\u00a0<\/p>\t\t\t\t\t\t\t\t<\/div>\n\t\t\t\t<\/div>\n\t\t\t\t<div class=\"elementor-element elementor-element-25da427 elementor-widget elementor-widget-text-editor\" data-id=\"25da427\" data-element_type=\"widget\" data-e-type=\"widget\" data-widget_type=\"text-editor.default\">\n\t\t\t\t<div class=\"elementor-widget-container\">\n\t\t\t\t\t\t\t\t\t<p style=\"text-align: left;\"><b>Follow me on social media!<\/b><\/p>\t\t\t\t\t\t\t\t<\/div>\n\t\t\t\t<\/div>\n\t\t\t\t<div class=\"elementor-element elementor-element-32fc526 elementor-shape-circle e-grid-align-left elementor-grid-0 elementor-widget elementor-widget-social-icons\" data-id=\"32fc526\" data-element_type=\"widget\" data-e-type=\"widget\" data-widget_type=\"social-icons.default\">\n\t\t\t\t<div class=\"elementor-widget-container\">\n\t\t\t\t\t\t\t<div class=\"elementor-social-icons-wrapper elementor-grid\" role=\"list\">\n\t\t\t\t\t\t\t<span class=\"elementor-grid-item\" role=\"listitem\">\n\t\t\t\t\t<a class=\"elementor-icon elementor-social-icon elementor-social-icon-linkedin elementor-repeater-item-be5d89e\" href=\"https:\/\/www.linkedin.com\/in\/marine-herisson\/\" target=\"_blank\">\n\t\t\t\t\t\t<span class=\"elementor-screen-only\">Linkedin<\/span>\n\t\t\t\t\t\t<svg aria-hidden=\"true\" class=\"e-font-icon-svg e-fab-linkedin\" viewbox=\"0 0 448 512\" xmlns=\"http:\/\/www.w3.org\/2000\/svg\"><path d=\"M416 32H31.9C14.3 32 0 46.5 0 64.3v383.4C0 465.5 14.3 480 31.9 480H416c17.6 0 32-14.5 32-32.3V64.3c0-17.8-14.4-32.3-32-32.3zM135.4 416H69V202.2h66.5V416zm-33.2-243c-21.3 0-38.5-17.3-38.5-38.5S80.9 96 102.2 96c21.2 0 38.5 17.3 38.5 38.5 0 21.3-17.2 38.5-38.5 38.5zm282.1 243h-66.4V312c0-24.8-.5-56.7-34.5-56.7-34.6 0-39.9 27-39.9 54.9V416h-66.4V202.2h63.7v29.2h.9c8.9-16.8 30.6-34.5 62.9-34.5 67.2 0 79.7 44.3 79.7 101.9V416z\"><\/path><\/svg>\t\t\t\t\t<\/a>\n\t\t\t\t<\/span>\n\t\t\t\t\t\t\t<span class=\"elementor-grid-item\" role=\"listitem\">\n\t\t\t\t\t<a class=\"elementor-icon elementor-social-icon elementor-social-icon-pinterest elementor-repeater-item-6149980\" href=\"https:\/\/fr.pinterest.com\/marineherisson\/\" target=\"_blank\">\n\t\t\t\t\t\t<span class=\"elementor-screen-only\">Pinterest<\/span>\n\t\t\t\t\t\t<svg aria-hidden=\"true\" class=\"e-font-icon-svg e-fab-pinterest\" viewbox=\"0 0 496 512\" xmlns=\"http:\/\/www.w3.org\/2000\/svg\"><path d=\"M496 256c0 137-111 248-248 248-25.6 0-50.2-3.9-73.4-11.1 10.1-16.5 25.2-43.5 30.8-65 3-11.6 15.4-59 15.4-59 8.1 15.4 31.7 28.5 56.8 28.5 74.8 0 128.7-68.8 128.7-154.3 0-81.9-66.9-143.2-152.9-143.2-107 0-163.9 71.8-163.9 150.1 0 36.4 19.4 81.7 50.3 96.1 4.7 2.2 7.2 1.2 8.3-3.3.8-3.4 5-20.3 6.9-28.1.6-2.5.3-4.7-1.7-7.1-10.1-12.5-18.3-35.3-18.3-56.6 0-54.7 41.4-107.6 112-107.6 60.9 0 103.6 41.5 103.6 100.9 0 67.1-33.9 113.6-78 113.6-24.3 0-42.6-20.1-36.7-44.8 7-29.5 20.5-61.3 20.5-82.6 0-19-10.2-34.9-31.4-34.9-24.9 0-44.9 25.7-44.9 60.2 0 22 7.4 36.8 7.4 36.8s-24.5 103.8-29 123.2c-5 21.4-3 51.6-.9 71.2C65.4 450.9 0 361.1 0 256 0 119 111 8 248 8s248 111 248 248z\"><\/path><\/svg>\t\t\t\t\t<\/a>\n\t\t\t\t<\/span>\n\t\t\t\t\t<\/div>\n\t\t\t\t\t\t<\/div>\n\t\t\t\t<\/div>\n\t\t\t\t\t<\/div>\n\t\t<\/div>\n\t\t\t\t\t<\/div>\n\t\t<\/section>\n\t\t\t\t\t<\/div>\n\t\t<\/div>\n\t\t\t\t<div class=\"elementor-column elementor-col-50 elementor-top-column elementor-element elementor-element-4dd30e8c\" data-id=\"4dd30e8c\" data-element_type=\"column\" data-e-type=\"column\">\n\t\t\t<div class=\"elementor-widget-wrap elementor-element-populated\">\n\t\t\t\t\t\t<div class=\"elementor-element elementor-element-1ce41f9c elementor-widget elementor-widget-wp-widget-lekker_core_contact_form_7\" data-id=\"1ce41f9c\" data-element_type=\"widget\" data-e-type=\"widget\" data-widget_type=\"wp-widget-lekker_core_contact_form_7.default\">\n\t\t\t\t<div class=\"elementor-widget-container\">\n\t\t\t\t\t\t\t\t<div class=\"qodef-contact-form-7\">\n\t\t\t\t\n<div class=\"wpcf7 no-js\" id=\"wpcf7-f5330-o1\" lang=\"fr-FR\" dir=\"ltr\" data-wpcf7-id=\"5330\">\n<div class=\"screen-reader-response\"><p role=\"status\" aria-live=\"polite\" aria-atomic=\"true\"><\/p> <ul><\/ul><\/div>\n<form action=\"\/en\/wp-json\/wp\/v2\/pages\/1721#wpcf7-f5330-o1\" method=\"post\" class=\"wpcf7-form init\" aria-label=\"Formulaire de contact\" novalidate=\"novalidate\" data-status=\"init\" data-trp-original-action=\"\/en\/wp-json\/wp\/v2\/pages\/1721#wpcf7-f5330-o1\">\n<fieldset class=\"hidden-fields-container\"><input type=\"hidden\" name=\"_wpcf7\" value=\"5330\" \/><input type=\"hidden\" name=\"_wpcf7_version\" value=\"6.1.5\" \/><input type=\"hidden\" name=\"_wpcf7_locale\" value=\"fr_FR\" \/><input type=\"hidden\" name=\"_wpcf7_unit_tag\" value=\"wpcf7-f5330-o1\" \/><input type=\"hidden\" name=\"_wpcf7_container_post\" value=\"0\" \/><input type=\"hidden\" name=\"_wpcf7_posted_data_hash\" value=\"\" \/>\n<\/fieldset>\n<div class=\"qodef-grid qodef-layout--template\">\n<div class=\"qodef-grid-inner\">\n<div class=\"qodef-grid-item qodef-col--6\">\n <span class=\"wpcf7-form-control-wrap\" data-name=\"your-name\"><input size=\"40\" maxlength=\"400\" class=\"wpcf7-form-control wpcf7-text wpcf7-validates-as-required\" aria-required=\"true\" aria-invalid=\"false\" placeholder=\"Name*\" value=\"\" type=\"text\" name=\"your-name\" \/><\/span>\n<\/div>\n<div class=\"qodef-grid-item qodef-col--6\">\n <span class=\"wpcf7-form-control-wrap\" data-name=\"your-firstname\"><input size=\"40\" maxlength=\"400\" class=\"wpcf7-form-control wpcf7-text wpcf7-validates-as-required\" aria-required=\"true\" aria-invalid=\"false\" placeholder=\"First name*\" value=\"\" type=\"text\" name=\"your-firstname\" \/><\/span>\n<\/div>\n<div class=\"qodef-grid-item qodef-col--6\">\n <span class=\"wpcf7-form-control-wrap\" data-name=\"your-entreprise\"><input size=\"40\" maxlength=\"400\" class=\"wpcf7-form-control wpcf7-text wpcf7-validates-as-required\" aria-required=\"true\" aria-invalid=\"false\" placeholder=\"Company*\" value=\"\" type=\"text\" name=\"your-entreprise\" \/><\/span>\n<\/div>\n<div class=\"qodef-grid-item qodef-col--6\">\n <span class=\"wpcf7-form-control-wrap\" data-name=\"your-email\"><input size=\"40\" maxlength=\"400\" class=\"wpcf7-form-control wpcf7-email wpcf7-validates-as-required wpcf7-text wpcf7-validates-as-email\" aria-required=\"true\" aria-invalid=\"false\" placeholder=\"E-mail*\" value=\"\" type=\"email\" name=\"your-email\" \/><\/span>\n<\/div>\n<div class=\"qodef-grid-item qodef-col--12\">\n<span class=\"wpcf7-form-control-wrap\" data-name=\"your-objet\"><input size=\"40\" maxlength=\"400\" class=\"wpcf7-form-control wpcf7-text\" aria-invalid=\"false\" placeholder=\"Object\" value=\"\" type=\"text\" name=\"your-objet\" \/><\/span>\n<\/div>\n<div class=\"qodef-grid-item qodef-col--12\">\n <span class=\"wpcf7-form-control-wrap\" data-name=\"your-message\"><textarea cols=\"40\" rows=\"10\" maxlength=\"2000\" class=\"wpcf7-form-control wpcf7-textarea\" aria-invalid=\"false\" placeholder=\"Write a message...\" name=\"your-message\"><\/textarea><\/span>\n<\/div>\n<div class=\"qodef-grid-item qodef-col--12\" style=\"text-align: left;\">\n\n<span class=\"wpcf7-form-control-wrap\" data-name=\"acceptance-595\"><span class=\"wpcf7-form-control wpcf7-acceptance\"><span class=\"wpcf7-list-item\"><label><input type=\"checkbox\" name=\"acceptance-595\" value=\"1\" aria-invalid=\"false\" \/><span class=\"wpcf7-list-item-label\">I authorize this site to store the data I have submitted via this form. For more information, see our privacy policy<\/span><\/label><\/span><\/span><\/span>\n\n<button class=\"wpcf7-form-control wpcf7-submit qodef-button qodef-size--normal qodef-type--filled qodef-m\" type=\"submit\"><span class=\"qodef-m-text\">Send.<\/span><\/button>\n<\/div>\n<\/div>\n<\/div><div class=\"wpcf7-response-output\" aria-hidden=\"true\"><\/div>\n<input type=\"hidden\" name=\"trp-form-language\" value=\"en\"\/><\/form>\n<\/div>\n\t\t\t<\/div>\n\t\t\t\t\t\t\t<\/div>\n\t\t\t\t<\/div>\n\t\t\t\t\t<\/div>\n\t\t<\/div>\n\t\t\t\t\t<\/div>\n\t\t<\/section>\n\t\t\t\t<\/div>","protected":false},"excerpt":{"rendered":"<p>Laissez-moi un message! Vous avez un projet en t\u00eate ? Contactez-moi pour en discuter et recevoir un devis gratuit. Je serai ravie de vous accompagner dans la cr\u00e9ation de vos futurs produits uniques. \u00a0 Suivez-moi sur les r\u00e9seaux sociaux ! Linkedin Pinterest<\/p>","protected":false},"author":1,"featured_media":0,"parent":0,"menu_order":0,"comment_status":"closed","ping_status":"closed","template":"page-full-width.php","meta":{"footnotes":""},"class_list":["post-1721","page","type-page","status-publish","hentry"],"yoast_head":"<!-- This site is optimized with the Yoast SEO plugin v27.4 - https:\/\/yoast.com\/product\/yoast-seo-wordpress\/ -->\n<title>Contact - Design et Mod\u00e9lisation 3D de Bijoux | Marine H\u00e9risson<\/title>\n<meta name=\"description\" content=\"Contactez Marine H\u00e9risson pour discuter de vos projets de design et mod\u00e9lisation 3D de bijoux. Formulaire rapide pour un devis personnalis\u00e9.\" \/>\n<meta name=\"robots\" content=\"index, follow, max-snippet:-1, max-image-preview:large, max-video-preview:-1\" \/>\n<link rel=\"canonical\" href=\"https:\/\/marineherisson.com\/en\/contact\/\" \/>\n<meta property=\"og:locale\" content=\"en_US\" \/>\n<meta property=\"og:type\" content=\"article\" \/>\n<meta property=\"og:title\" content=\"Contact - Design et Mod\u00e9lisation 3D de Bijoux | Marine H\u00e9risson\" \/>\n<meta property=\"og:description\" content=\"Contactez Marine H\u00e9risson pour discuter de vos projets de design et mod\u00e9lisation 3D de bijoux. Formulaire rapide pour un devis personnalis\u00e9.\" \/>\n<meta property=\"og:url\" content=\"https:\/\/marineherisson.com\/en\/contact\/\" \/>\n<meta property=\"og:site_name\" content=\"Marine H\u00e9risson | Design &amp; Mod\u00e9lisation 3D Bijoux\" \/>\n<meta property=\"article:modified_time\" content=\"2025-04-02T15:50:31+00:00\" \/>\n<meta name=\"twitter:card\" content=\"summary_large_image\" \/>\n<meta name=\"twitter:label1\" content=\"Est. reading time\" \/>\n\t<meta name=\"twitter:data1\" content=\"1 minute\" \/>\n<script type=\"application\/ld+json\" class=\"yoast-schema-graph\">{\"@context\":\"https:\\\/\\\/schema.org\",\"@graph\":[{\"@type\":\"WebPage\",\"@id\":\"https:\\\/\\\/marineherisson.com\\\/contact\\\/\",\"url\":\"https:\\\/\\\/marineherisson.com\\\/contact\\\/\",\"name\":\"Contact - Design et Mod\u00e9lisation 3D de Bijoux | Marine H\u00e9risson\",\"isPartOf\":{\"@id\":\"https:\\\/\\\/marineherisson.com\\\/#website\"},\"datePublished\":\"2024-02-12T09:03:48+00:00\",\"dateModified\":\"2025-04-02T15:50:31+00:00\",\"description\":\"Contactez Marine H\u00e9risson pour discuter de vos projets de design et mod\u00e9lisation 3D de bijoux. Formulaire rapide pour un devis personnalis\u00e9.\",\"breadcrumb\":{\"@id\":\"https:\\\/\\\/marineherisson.com\\\/contact\\\/#breadcrumb\"},\"inLanguage\":\"en-US\",\"potentialAction\":[{\"@type\":\"ReadAction\",\"target\":[\"https:\\\/\\\/marineherisson.com\\\/contact\\\/\"]}]},{\"@type\":\"BreadcrumbList\",\"@id\":\"https:\\\/\\\/marineherisson.com\\\/contact\\\/#breadcrumb\",\"itemListElement\":[{\"@type\":\"ListItem\",\"position\":1,\"name\":\"Accueil\",\"item\":\"https:\\\/\\\/marineherisson.com\\\/\"},{\"@type\":\"ListItem\",\"position\":2,\"name\":\"Contact\"}]},{\"@type\":\"WebSite\",\"@id\":\"https:\\\/\\\/marineherisson.com\\\/#website\",\"url\":\"https:\\\/\\\/marineherisson.com\\\/\",\"name\":\"Designer - Mod\u00e9lisation & Rendu 3D - Joaillerie \\\/ Bijouterie\",\"description\":\"\",\"publisher\":{\"@id\":\"https:\\\/\\\/marineherisson.com\\\/#\\\/schema\\\/person\\\/6e1ac7c1f7e178742304bb55cd551700\"},\"potentialAction\":[{\"@type\":\"SearchAction\",\"target\":{\"@type\":\"EntryPoint\",\"urlTemplate\":\"https:\\\/\\\/marineherisson.com\\\/?s={search_term_string}\"},\"query-input\":{\"@type\":\"PropertyValueSpecification\",\"valueRequired\":true,\"valueName\":\"search_term_string\"}}],\"inLanguage\":\"en-US\"},{\"@type\":[\"Person\",\"Organization\"],\"@id\":\"https:\\\/\\\/marineherisson.com\\\/#\\\/schema\\\/person\\\/6e1ac7c1f7e178742304bb55cd551700\",\"name\":\"Marine H\u00e9risson\",\"image\":{\"@type\":\"ImageObject\",\"inLanguage\":\"en-US\",\"@id\":\"https:\\\/\\\/secure.gravatar.com\\\/avatar\\\/4d07ab01ec6da6c31d127e515bf1e8f0449c0695fd82bcb025a93d5f2839aca4?s=96&d=mm&r=g\",\"url\":\"https:\\\/\\\/secure.gravatar.com\\\/avatar\\\/4d07ab01ec6da6c31d127e515bf1e8f0449c0695fd82bcb025a93d5f2839aca4?s=96&d=mm&r=g\",\"contentUrl\":\"https:\\\/\\\/secure.gravatar.com\\\/avatar\\\/4d07ab01ec6da6c31d127e515bf1e8f0449c0695fd82bcb025a93d5f2839aca4?s=96&d=mm&r=g\",\"caption\":\"Marine H\u00e9risson\"},\"logo\":{\"@id\":\"https:\\\/\\\/secure.gravatar.com\\\/avatar\\\/4d07ab01ec6da6c31d127e515bf1e8f0449c0695fd82bcb025a93d5f2839aca4?s=96&d=mm&r=g\"},\"description\":\"Designer produit avec 10 ans d\u2019exp\u00e9rience dans l\u2019univers des bijoux, j\u2019ai d\u2019abord \u0153uvr\u00e9 pour une marque de montres et bijoux de haute-fantaisie avant de me lancer en tant qu\u2019ind\u00e9pendante. Je suis passionn\u00e9e par les beaux bijoux et j'ai \u00e0 c\u0153ur de partager mon exp\u00e9rience de designer pour les marques de bijouterie. Mes sujets pr\u00e9f\u00e9r\u00e9s sont principalement li\u00e9s \u00e0 la cr\u00e9ation : aux bijoux, au design, \u00e0 la mod\u00e9lisation et aux rendus 3D r\u00e9aliste !\",\"sameAs\":[\"https:\\\/\\\/marineherisson.com\",\"https:\\\/\\\/www.linkedin.com\\\/in\\\/marine-herisson\\\/\",\"https:\\\/\\\/www.pinterest.fr\\\/marineherisson\\\/\"]}]}<\/script>\n<!-- \/ Yoast SEO plugin. -->","yoast_head_json":{"title":"Contact - Design et Mod\u00e9lisation 3D de Bijoux | Marine H\u00e9risson","description":"Contactez Marine H\u00e9risson pour discuter de vos projets de design et mod\u00e9lisation 3D de bijoux. Formulaire rapide pour un devis personnalis\u00e9.","robots":{"index":"index","follow":"follow","max-snippet":"max-snippet:-1","max-image-preview":"max-image-preview:large","max-video-preview":"max-video-preview:-1"},"canonical":"https:\/\/marineherisson.com\/en\/contact\/","og_locale":"en_US","og_type":"article","og_title":"Contact - Design et Mod\u00e9lisation 3D de Bijoux | Marine H\u00e9risson","og_description":"Contactez Marine H\u00e9risson pour discuter de vos projets de design et mod\u00e9lisation 3D de bijoux. Formulaire rapide pour un devis personnalis\u00e9.","og_url":"https:\/\/marineherisson.com\/en\/contact\/","og_site_name":"Marine H\u00e9risson | Design &amp; Mod\u00e9lisation 3D Bijoux","article_modified_time":"2025-04-02T15:50:31+00:00","twitter_card":"summary_large_image","twitter_misc":{"Est. reading time":"1 minute"},"schema":{"@context":"https:\/\/schema.org","@graph":[{"@type":"WebPage","@id":"https:\/\/marineherisson.com\/contact\/","url":"https:\/\/marineherisson.com\/contact\/","name":"Contact - Design et Mod\u00e9lisation 3D de Bijoux | Marine H\u00e9risson","isPartOf":{"@id":"https:\/\/marineherisson.com\/#website"},"datePublished":"2024-02-12T09:03:48+00:00","dateModified":"2025-04-02T15:50:31+00:00","description":"Contactez Marine H\u00e9risson pour discuter de vos projets de design et mod\u00e9lisation 3D de bijoux. Formulaire rapide pour un devis personnalis\u00e9.","breadcrumb":{"@id":"https:\/\/marineherisson.com\/contact\/#breadcrumb"},"inLanguage":"en-US","potentialAction":[{"@type":"ReadAction","target":["https:\/\/marineherisson.com\/contact\/"]}]},{"@type":"BreadcrumbList","@id":"https:\/\/marineherisson.com\/contact\/#breadcrumb","itemListElement":[{"@type":"ListItem","position":1,"name":"Accueil","item":"https:\/\/marineherisson.com\/"},{"@type":"ListItem","position":2,"name":"Contact"}]},{"@type":"WebSite","@id":"https:\/\/marineherisson.com\/#website","url":"https:\/\/marineherisson.com\/","name":"Designer - Mod\u00e9lisation & Rendu 3D - Joaillerie \/ Bijouterie","description":"","publisher":{"@id":"https:\/\/marineherisson.com\/#\/schema\/person\/6e1ac7c1f7e178742304bb55cd551700"},"potentialAction":[{"@type":"SearchAction","target":{"@type":"EntryPoint","urlTemplate":"https:\/\/marineherisson.com\/?s={search_term_string}"},"query-input":{"@type":"PropertyValueSpecification","valueRequired":true,"valueName":"search_term_string"}}],"inLanguage":"en-US"},{"@type":["Person","Organization"],"@id":"https:\/\/marineherisson.com\/#\/schema\/person\/6e1ac7c1f7e178742304bb55cd551700","name":"Marine H\u00e9risson","image":{"@type":"ImageObject","inLanguage":"en-US","@id":"https:\/\/secure.gravatar.com\/avatar\/4d07ab01ec6da6c31d127e515bf1e8f0449c0695fd82bcb025a93d5f2839aca4?s=96&d=mm&r=g","url":"https:\/\/secure.gravatar.com\/avatar\/4d07ab01ec6da6c31d127e515bf1e8f0449c0695fd82bcb025a93d5f2839aca4?s=96&d=mm&r=g","contentUrl":"https:\/\/secure.gravatar.com\/avatar\/4d07ab01ec6da6c31d127e515bf1e8f0449c0695fd82bcb025a93d5f2839aca4?s=96&d=mm&r=g","caption":"Marine H\u00e9risson"},"logo":{"@id":"https:\/\/secure.gravatar.com\/avatar\/4d07ab01ec6da6c31d127e515bf1e8f0449c0695fd82bcb025a93d5f2839aca4?s=96&d=mm&r=g"},"description":"Designer produit avec 10 ans d\u2019exp\u00e9rience dans l\u2019univers des bijoux, j\u2019ai d\u2019abord \u0153uvr\u00e9 pour une marque de montres et bijoux de haute-fantaisie avant de me lancer en tant qu\u2019ind\u00e9pendante. Je suis passionn\u00e9e par les beaux bijoux et j'ai \u00e0 c\u0153ur de partager mon exp\u00e9rience de designer pour les marques de bijouterie. Mes sujets pr\u00e9f\u00e9r\u00e9s sont principalement li\u00e9s \u00e0 la cr\u00e9ation : aux bijoux, au design, \u00e0 la mod\u00e9lisation et aux rendus 3D r\u00e9aliste !","sameAs":["https:\/\/marineherisson.com","https:\/\/www.linkedin.com\/in\/marine-herisson\/","https:\/\/www.pinterest.fr\/marineherisson\/"]}]}},"_links":{"self":[{"href":"https:\/\/marineherisson.com\/en\/wp-json\/wp\/v2\/pages\/1721","targetHints":{"allow":["GET"]}}],"collection":[{"href":"https:\/\/marineherisson.com\/en\/wp-json\/wp\/v2\/pages"}],"about":[{"href":"https:\/\/marineherisson.com\/en\/wp-json\/wp\/v2\/types\/page"}],"author":[{"embeddable":true,"href":"https:\/\/marineherisson.com\/en\/wp-json\/wp\/v2\/users\/1"}],"replies":[{"embeddable":true,"href":"https:\/\/marineherisson.com\/en\/wp-json\/wp\/v2\/comments?post=1721"}],"version-history":[{"count":93,"href":"https:\/\/marineherisson.com\/en\/wp-json\/wp\/v2\/pages\/1721\/revisions"}],"predecessor-version":[{"id":11617,"href":"https:\/\/marineherisson.com\/en\/wp-json\/wp\/v2\/pages\/1721\/revisions\/11617"}],"wp:attachment":[{"href":"https:\/\/marineherisson.com\/en\/wp-json\/wp\/v2\/media?parent=1721"}],"curies":[{"name":"wp","href":"https:\/\/api.w.org\/{rel}","templated":true}]}}