{"id":10428,"date":"2024-11-01T16:54:21","date_gmt":"2024-11-01T15:54:21","guid":{"rendered":"https:\/\/marineherisson.com\/?page_id=10428"},"modified":"2024-11-05T18:44:39","modified_gmt":"2024-11-05T17:44:39","slug":"mentions-legales","status":"publish","type":"page","link":"https:\/\/marineherisson.com\/en\/mentions-legales\/","title":{"rendered":"Terms of use"},"content":{"rendered":"<div data-elementor-type=\"wp-page\" data-elementor-id=\"10428\" class=\"elementor elementor-10428\">\n\t\t\t\t\t\t<section class=\"elementor-section elementor-top-section elementor-element elementor-element-1cdb0ebc elementor-section-full_width elementor-section-height-default elementor-section-height-default qodef-elementor-content-no\" data-id=\"1cdb0ebc\" data-element_type=\"section\" data-e-type=\"section\" data-settings=\"{&quot;background_background&quot;:&quot;classic&quot;}\">\n\t\t\t\t\t\t<div class=\"elementor-container elementor-column-gap-default\">\n\t\t\t\t\t<div class=\"elementor-column elementor-col-100 elementor-top-column elementor-element elementor-element-4896328b\" data-id=\"4896328b\" data-element_type=\"column\" data-e-type=\"column\">\n\t\t\t<div class=\"elementor-widget-wrap elementor-element-populated\">\n\t\t\t\t\t\t<div class=\"elementor-element elementor-element-5163298b elementor-widget elementor-widget-lekker_core_section_title\" data-id=\"5163298b\" data-element_type=\"widget\" data-e-type=\"widget\" data-widget_type=\"lekker_core_section_title.default\">\n\t\t\t\t<div class=\"elementor-widget-container\">\n\t\t\t\t\t<div class=\"qodef-shortcode qodef-m  qodef-section-title qodef-alignment--left  qodef-section-title--animated\">\n\t\t<h1 class=\"qodef-m-title\" >\n\t\t\t\t\tTerms of use\t\t\t<\/h1>\n\t<\/div>\t\t\t\t<\/div>\n\t\t\t\t<\/div>\n\t\t\t\t<div class=\"elementor-element elementor-element-4929ca7 elementor-widget elementor-widget-text-editor\" data-id=\"4929ca7\" data-element_type=\"widget\" data-e-type=\"widget\" data-widget_type=\"text-editor.default\">\n\t\t\t\t<div class=\"elementor-widget-container\">\n\t\t\t\t\t\t\t\t\t<p><\/p>\n<p><\/p>\n<h2 class=\"wp-block-heading has-medium-font-size\">1. Edition du site internet<\/h2>\n<p><\/p>\n<p><strong>Propri\u00e9taire du site :\u00a0<\/strong><\/p>\n<p><\/p>\n<p>Marine H\u00e9risson (dit l&rsquo;\u00c9diteur), domicili\u00e9e au 4 rue de la Forge Royale 75011 Paris.<\/p>\n<p><\/p>\n<p>Contact : <a href=\"mailto:contact@marineherisson.com\">contact@marineherisson.com<\/a><\/p>\n<p><\/p>\n<p>\u00a0<\/p>\n<p><\/p>\n<p><strong>Identification de l\u2019entreprise :\u00a0<\/strong><\/p>\n<p><\/p>\n<p>Entrepreneur individuel Marine H\u00e9risson (Marine H\u00e9risson &#8211; EI)<\/p>\n<p><\/p>\n<p>Adresse : 4 rue de la Forge Royale 75011 Paris.<\/p>\n<p><\/p>\n<p>SIRET 89798155100012<\/p>\n<p><\/p>\n<p>Num\u00e9ro de TVA FR40897981551<\/p>\n<p><\/p>\n<p>Directeur de la publication : Marine H\u00e9risson<\/p>\n<p><\/p>\n<p>D\u00e9l\u00e9gu\u00e9 \u00e0 la protection des donn\u00e9es : Marine H\u00e9risson<\/p>\n<p><\/p>\n<p>\u00a0<\/p>\n<p><\/p>\n<p><strong>H\u00e9bergement du site :\u00a0<\/strong>Hostinger International Ltd., 61 rue Lordou Vironos 6023 Larnaca (Chypre), joignable par l\u2019adresse email suivante : <a href=\"https:\/\/www.hostinger.fr\/contact\">https:\/\/www.hostinger.fr\/contact<\/a><\/p>\n<p><\/p>\n<p>\u00a0<\/p>\n<p><\/p>\n<h2 class=\"wp-block-heading has-medium-font-size\">2. <strong>Respect de la propri\u00e9t\u00e9 intellectuelle<\/strong><\/h2>\n<p><\/p>\n<p>L\u2019ensemble des \u00e9l\u00e9ments pr\u00e9sents sur le Site, qu\u2019il s\u2019agisse de marques, de photographies, de textes, de commentaires, d\u2019illustrations, d\u2019images fixes ou anim\u00e9es, de s\u00e9quences vid\u00e9o, de sons, ou encore de toute application informatique n\u00e9cessaire au fonctionnement du Site, sont prot\u00e9g\u00e9s par la l\u00e9gislation actuelle sur la propri\u00e9t\u00e9 intellectuelle.<\/p>\n<p><\/p>\n<p>Ces \u00e9l\u00e9ments sont la propri\u00e9t\u00e9 pleine et enti\u00e8re de l\u2019Editeur ou de ses partenaires, sauf indication contraire. Il est formellement interdit de copier, repr\u00e9senter, utiliser ou modifier, de quelque mani\u00e8re que ce soit, la totalit\u00e9 ou une partie de ces \u00e9l\u00e9ments, y compris les applications informatiques, sans l\u2019autorisation \u00e9crite et pr\u00e9alable de l&rsquo;\u00c9diteur.<\/p>\n<p><\/p>\n<p>Toute utilisation du site ou de ses contenus sans autorisation sera trait\u00e9e comme une violation des droits d\u2019auteur et fera l\u2019objet de poursuites judiciaires selon les articles L.335-2 et suivants du Code de la Propri\u00e9t\u00e9 Intellectuelle. L\u2019absence d\u2019action en justice de la part de l&rsquo;\u00c9diteur suite \u00e0 la d\u00e9couverte d\u2019usages non autoris\u00e9s ne constitue pas une validation de ces usages ni une renonciation \u00e0 engager des poursuites judiciaires.<\/p>\n<p><\/p>\n<p>Pour reproduire une partie ou la totalit\u00e9 de ce contenu, il est imp\u00e9ratif d\u2019obtenir l\u2019accord de l&rsquo;\u00c9diteur ou du d\u00e9tenteur des droits sur ce contenu au pr\u00e9alable.<\/p>\n<p><\/p>\n<p>\u00a0<\/p>\n<p><\/p>\n<h2 class=\"wp-block-heading has-medium-font-size\">3. <strong>Donn\u00e9es personnelles<\/strong><\/h2>\n<p><\/p>\n<p>Selon la loi 78-17 du 6 janvier 1978 telle qu&rsquo;elle a \u00e9t\u00e9 modifi\u00e9e, l&rsquo;utilisateur du Site a le droit de consulter, corriger et effacer les donn\u00e9es personnelles recueillies. Pour utiliser ce droit, veuillez contacter le D\u00e9l\u00e9gu\u00e9 \u00e0 la Protection des Donn\u00e9es : Marine H\u00e9risson (contact@marineherisson.com). Vous pouvez obtenir des d\u00e9tails suppl\u00e9mentaires sur le traitement de vos donn\u00e9es en consultant la Politique de Confidentialit\u00e9.<\/p>\n<p><\/p>\n<p>\u00a0<\/p>\n<p><\/p>\n<h2 class=\"wp-block-heading has-medium-font-size\">4. Liens Hypertextes<\/h2>\n<p><\/p>\n<p>Le Site peut inclure des liens hypertextes qui m\u00e8nent \u00e0 des sites web contr\u00f4l\u00e9s et op\u00e9r\u00e9s par des entit\u00e9s autres que l\u2019Editeur. L&rsquo;\u00c9diteur n\u2019est pas responsable, de mani\u00e8re directe ou indirecte, si ces sites externes ne sont pas conformes aux lois en vigueur.<\/p>\n<p><\/p>\n<p>\u00a0<\/p>\n<p><\/p>\n<h2 class=\"wp-block-heading has-medium-font-size\">5. <strong>Droit applicable et attribution de juridiction<\/strong><\/h2>\n<p><\/p>\n<p>Tout conflit d\u00e9coulant de l&rsquo;usage du Site sera r\u00e9gi par le droit fran\u00e7ais. Sauf exceptions pr\u00e9vues par la loi, la r\u00e9solution de ces conflits rel\u00e8vera exclusivement des tribunaux habilit\u00e9s de Paris.<\/p>\n<p><\/p>\t\t\t\t\t\t\t\t<\/div>\n\t\t\t\t<\/div>\n\t\t\t\t\t<\/div>\n\t\t<\/div>\n\t\t\t\t\t<\/div>\n\t\t<\/section>\n\t\t\t\t<\/div>","protected":false},"excerpt":{"rendered":"<p>Mentions l\u00e9gales 1. Edition du site internet Propri\u00e9taire du site :\u00a0 Marine H\u00e9risson (dit l&rsquo;\u00c9diteur), domicili\u00e9e au 4 rue de la Forge Royale 75011 Paris. Contact : contact@marineherisson.com \u00a0 Identification de l\u2019entreprise :\u00a0 Entrepreneur individuel Marine H\u00e9risson (Marine H\u00e9risson &#8211; EI) Adresse : 4 rue de la Forge Royale 75011 Paris. SIRET 89798155100012 Num\u00e9ro de [&hellip;]<\/p>\n","protected":false},"author":1,"featured_media":0,"parent":0,"menu_order":0,"comment_status":"closed","ping_status":"closed","template":"page-full-width.php","meta":{"footnotes":""},"class_list":["post-10428","page","type-page","status-publish","hentry"],"yoast_head":"<!-- This site is optimized with the Yoast SEO plugin v27.4 - https:\/\/yoast.com\/product\/yoast-seo-wordpress\/ -->\n<title>Mentions L\u00e9gales<\/title>\n<meta name=\"description\" content=\"Transformez vos id\u00e9es en cr\u00e9ations uniques avec le design produit et dessin de bijoux sur-mesure par Marine H\u00e9risson.&quot;\" \/>\n<meta name=\"robots\" content=\"noindex, follow\" \/>\n<meta property=\"og:locale\" content=\"en_US\" \/>\n<meta property=\"og:type\" content=\"article\" \/>\n<meta property=\"og:title\" content=\"Mentions L\u00e9gales\" \/>\n<meta property=\"og:description\" content=\"Transformez vos id\u00e9es en cr\u00e9ations uniques avec le design produit et dessin de bijoux sur-mesure par Marine H\u00e9risson.&quot;\" \/>\n<meta property=\"og:url\" content=\"https:\/\/marineherisson.com\/en\/mentions-legales\/\" \/>\n<meta property=\"og:site_name\" content=\"Marine H\u00e9risson | Design &amp; Mod\u00e9lisation 3D Bijoux\" \/>\n<meta property=\"article:modified_time\" content=\"2024-11-05T17:44:39+00:00\" \/>\n<meta name=\"twitter:card\" content=\"summary_large_image\" \/>\n<meta name=\"twitter:label1\" content=\"Est. reading time\" \/>\n\t<meta name=\"twitter:data1\" content=\"3 minutes\" \/>\n<script type=\"application\/ld+json\" class=\"yoast-schema-graph\">{\"@context\":\"https:\\\/\\\/schema.org\",\"@graph\":[{\"@type\":\"WebPage\",\"@id\":\"https:\\\/\\\/marineherisson.com\\\/mentions-legales\\\/\",\"url\":\"https:\\\/\\\/marineherisson.com\\\/mentions-legales\\\/\",\"name\":\"Mentions L\u00e9gales\",\"isPartOf\":{\"@id\":\"https:\\\/\\\/marineherisson.com\\\/#website\"},\"datePublished\":\"2024-11-01T15:54:21+00:00\",\"dateModified\":\"2024-11-05T17:44:39+00:00\",\"description\":\"Transformez vos id\u00e9es en cr\u00e9ations uniques avec le design produit et dessin de bijoux sur-mesure par Marine H\u00e9risson.\\\"\",\"breadcrumb\":{\"@id\":\"https:\\\/\\\/marineherisson.com\\\/mentions-legales\\\/#breadcrumb\"},\"inLanguage\":\"en-US\",\"potentialAction\":[{\"@type\":\"ReadAction\",\"target\":[\"https:\\\/\\\/marineherisson.com\\\/mentions-legales\\\/\"]}]},{\"@type\":\"BreadcrumbList\",\"@id\":\"https:\\\/\\\/marineherisson.com\\\/mentions-legales\\\/#breadcrumb\",\"itemListElement\":[{\"@type\":\"ListItem\",\"position\":1,\"name\":\"Accueil\",\"item\":\"https:\\\/\\\/marineherisson.com\\\/\"},{\"@type\":\"ListItem\",\"position\":2,\"name\":\"Mentions l\u00e9gales\"}]},{\"@type\":\"WebSite\",\"@id\":\"https:\\\/\\\/marineherisson.com\\\/#website\",\"url\":\"https:\\\/\\\/marineherisson.com\\\/\",\"name\":\"Designer - Mod\u00e9lisation & Rendu 3D - Joaillerie \\\/ Bijouterie\",\"description\":\"\",\"publisher\":{\"@id\":\"https:\\\/\\\/marineherisson.com\\\/#\\\/schema\\\/person\\\/6e1ac7c1f7e178742304bb55cd551700\"},\"potentialAction\":[{\"@type\":\"SearchAction\",\"target\":{\"@type\":\"EntryPoint\",\"urlTemplate\":\"https:\\\/\\\/marineherisson.com\\\/?s={search_term_string}\"},\"query-input\":{\"@type\":\"PropertyValueSpecification\",\"valueRequired\":true,\"valueName\":\"search_term_string\"}}],\"inLanguage\":\"en-US\"},{\"@type\":[\"Person\",\"Organization\"],\"@id\":\"https:\\\/\\\/marineherisson.com\\\/#\\\/schema\\\/person\\\/6e1ac7c1f7e178742304bb55cd551700\",\"name\":\"Marine H\u00e9risson\",\"image\":{\"@type\":\"ImageObject\",\"inLanguage\":\"en-US\",\"@id\":\"https:\\\/\\\/secure.gravatar.com\\\/avatar\\\/4d07ab01ec6da6c31d127e515bf1e8f0449c0695fd82bcb025a93d5f2839aca4?s=96&d=mm&r=g\",\"url\":\"https:\\\/\\\/secure.gravatar.com\\\/avatar\\\/4d07ab01ec6da6c31d127e515bf1e8f0449c0695fd82bcb025a93d5f2839aca4?s=96&d=mm&r=g\",\"contentUrl\":\"https:\\\/\\\/secure.gravatar.com\\\/avatar\\\/4d07ab01ec6da6c31d127e515bf1e8f0449c0695fd82bcb025a93d5f2839aca4?s=96&d=mm&r=g\",\"caption\":\"Marine H\u00e9risson\"},\"logo\":{\"@id\":\"https:\\\/\\\/secure.gravatar.com\\\/avatar\\\/4d07ab01ec6da6c31d127e515bf1e8f0449c0695fd82bcb025a93d5f2839aca4?s=96&d=mm&r=g\"},\"description\":\"Designer produit avec 10 ans d\u2019exp\u00e9rience dans l\u2019univers des bijoux, j\u2019ai d\u2019abord \u0153uvr\u00e9 pour une marque de montres et bijoux de haute-fantaisie avant de me lancer en tant qu\u2019ind\u00e9pendante. Je suis passionn\u00e9e par les beaux bijoux et j'ai \u00e0 c\u0153ur de partager mon exp\u00e9rience de designer pour les marques de bijouterie. Mes sujets pr\u00e9f\u00e9r\u00e9s sont principalement li\u00e9s \u00e0 la cr\u00e9ation : aux bijoux, au design, \u00e0 la mod\u00e9lisation et aux rendus 3D r\u00e9aliste !\",\"sameAs\":[\"https:\\\/\\\/marineherisson.com\",\"https:\\\/\\\/www.linkedin.com\\\/in\\\/marine-herisson\\\/\",\"https:\\\/\\\/www.pinterest.fr\\\/marineherisson\\\/\"]}]}<\/script>\n<!-- \/ Yoast SEO plugin. -->","yoast_head_json":{"title":"Mentions L\u00e9gales","description":"Transformez vos id\u00e9es en cr\u00e9ations uniques avec le design produit et dessin de bijoux sur-mesure par Marine H\u00e9risson.\"","robots":{"index":"noindex","follow":"follow"},"og_locale":"en_US","og_type":"article","og_title":"Mentions L\u00e9gales","og_description":"Transformez vos id\u00e9es en cr\u00e9ations uniques avec le design produit et dessin de bijoux sur-mesure par Marine H\u00e9risson.\"","og_url":"https:\/\/marineherisson.com\/en\/mentions-legales\/","og_site_name":"Marine H\u00e9risson | Design &amp; Mod\u00e9lisation 3D Bijoux","article_modified_time":"2024-11-05T17:44:39+00:00","twitter_card":"summary_large_image","twitter_misc":{"Est. reading time":"3 minutes"},"schema":{"@context":"https:\/\/schema.org","@graph":[{"@type":"WebPage","@id":"https:\/\/marineherisson.com\/mentions-legales\/","url":"https:\/\/marineherisson.com\/mentions-legales\/","name":"Mentions L\u00e9gales","isPartOf":{"@id":"https:\/\/marineherisson.com\/#website"},"datePublished":"2024-11-01T15:54:21+00:00","dateModified":"2024-11-05T17:44:39+00:00","description":"Transformez vos id\u00e9es en cr\u00e9ations uniques avec le design produit et dessin de bijoux sur-mesure par Marine H\u00e9risson.\"","breadcrumb":{"@id":"https:\/\/marineherisson.com\/mentions-legales\/#breadcrumb"},"inLanguage":"en-US","potentialAction":[{"@type":"ReadAction","target":["https:\/\/marineherisson.com\/mentions-legales\/"]}]},{"@type":"BreadcrumbList","@id":"https:\/\/marineherisson.com\/mentions-legales\/#breadcrumb","itemListElement":[{"@type":"ListItem","position":1,"name":"Accueil","item":"https:\/\/marineherisson.com\/"},{"@type":"ListItem","position":2,"name":"Mentions l\u00e9gales"}]},{"@type":"WebSite","@id":"https:\/\/marineherisson.com\/#website","url":"https:\/\/marineherisson.com\/","name":"Designer - Mod\u00e9lisation & Rendu 3D - Joaillerie \/ Bijouterie","description":"","publisher":{"@id":"https:\/\/marineherisson.com\/#\/schema\/person\/6e1ac7c1f7e178742304bb55cd551700"},"potentialAction":[{"@type":"SearchAction","target":{"@type":"EntryPoint","urlTemplate":"https:\/\/marineherisson.com\/?s={search_term_string}"},"query-input":{"@type":"PropertyValueSpecification","valueRequired":true,"valueName":"search_term_string"}}],"inLanguage":"en-US"},{"@type":["Person","Organization"],"@id":"https:\/\/marineherisson.com\/#\/schema\/person\/6e1ac7c1f7e178742304bb55cd551700","name":"Marine H\u00e9risson","image":{"@type":"ImageObject","inLanguage":"en-US","@id":"https:\/\/secure.gravatar.com\/avatar\/4d07ab01ec6da6c31d127e515bf1e8f0449c0695fd82bcb025a93d5f2839aca4?s=96&d=mm&r=g","url":"https:\/\/secure.gravatar.com\/avatar\/4d07ab01ec6da6c31d127e515bf1e8f0449c0695fd82bcb025a93d5f2839aca4?s=96&d=mm&r=g","contentUrl":"https:\/\/secure.gravatar.com\/avatar\/4d07ab01ec6da6c31d127e515bf1e8f0449c0695fd82bcb025a93d5f2839aca4?s=96&d=mm&r=g","caption":"Marine H\u00e9risson"},"logo":{"@id":"https:\/\/secure.gravatar.com\/avatar\/4d07ab01ec6da6c31d127e515bf1e8f0449c0695fd82bcb025a93d5f2839aca4?s=96&d=mm&r=g"},"description":"Designer produit avec 10 ans d\u2019exp\u00e9rience dans l\u2019univers des bijoux, j\u2019ai d\u2019abord \u0153uvr\u00e9 pour une marque de montres et bijoux de haute-fantaisie avant de me lancer en tant qu\u2019ind\u00e9pendante. Je suis passionn\u00e9e par les beaux bijoux et j'ai \u00e0 c\u0153ur de partager mon exp\u00e9rience de designer pour les marques de bijouterie. Mes sujets pr\u00e9f\u00e9r\u00e9s sont principalement li\u00e9s \u00e0 la cr\u00e9ation : aux bijoux, au design, \u00e0 la mod\u00e9lisation et aux rendus 3D r\u00e9aliste !","sameAs":["https:\/\/marineherisson.com","https:\/\/www.linkedin.com\/in\/marine-herisson\/","https:\/\/www.pinterest.fr\/marineherisson\/"]}]}},"_links":{"self":[{"href":"https:\/\/marineherisson.com\/en\/wp-json\/wp\/v2\/pages\/10428","targetHints":{"allow":["GET"]}}],"collection":[{"href":"https:\/\/marineherisson.com\/en\/wp-json\/wp\/v2\/pages"}],"about":[{"href":"https:\/\/marineherisson.com\/en\/wp-json\/wp\/v2\/types\/page"}],"author":[{"embeddable":true,"href":"https:\/\/marineherisson.com\/en\/wp-json\/wp\/v2\/users\/1"}],"replies":[{"embeddable":true,"href":"https:\/\/marineherisson.com\/en\/wp-json\/wp\/v2\/comments?post=10428"}],"version-history":[{"count":4,"href":"https:\/\/marineherisson.com\/en\/wp-json\/wp\/v2\/pages\/10428\/revisions"}],"predecessor-version":[{"id":10432,"href":"https:\/\/marineherisson.com\/en\/wp-json\/wp\/v2\/pages\/10428\/revisions\/10432"}],"wp:attachment":[{"href":"https:\/\/marineherisson.com\/en\/wp-json\/wp\/v2\/media?parent=10428"}],"curies":[{"name":"wp","href":"https:\/\/api.w.org\/{rel}","templated":true}]}}