{"id":10403,"date":"2024-11-01T16:30:17","date_gmt":"2024-11-01T15:30:17","guid":{"rendered":"https:\/\/marineherisson.com\/?page_id=10403"},"modified":"2024-11-05T18:45:09","modified_gmt":"2024-11-05T17:45:09","slug":"politique_de_confidentialite","status":"publish","type":"page","link":"https:\/\/marineherisson.com\/en\/politique_de_confidentialite\/","title":{"rendered":"Privacy policy"},"content":{"rendered":"<div data-elementor-type=\"wp-page\" data-elementor-id=\"10403\" class=\"elementor elementor-10403\">\n\t\t\t\t\t\t<section class=\"elementor-section elementor-top-section elementor-element elementor-element-1cdb0ebc elementor-section-full_width elementor-section-height-default elementor-section-height-default qodef-elementor-content-no\" data-id=\"1cdb0ebc\" data-element_type=\"section\" data-e-type=\"section\" data-settings=\"{&quot;background_background&quot;:&quot;classic&quot;}\">\n\t\t\t\t\t\t<div class=\"elementor-container elementor-column-gap-default\">\n\t\t\t\t\t<div class=\"elementor-column elementor-col-100 elementor-top-column elementor-element elementor-element-4896328b\" data-id=\"4896328b\" data-element_type=\"column\" data-e-type=\"column\">\n\t\t\t<div class=\"elementor-widget-wrap elementor-element-populated\">\n\t\t\t\t\t\t<div class=\"elementor-element elementor-element-5163298b elementor-widget elementor-widget-lekker_core_section_title\" data-id=\"5163298b\" data-element_type=\"widget\" data-e-type=\"widget\" data-widget_type=\"lekker_core_section_title.default\">\n\t\t\t\t<div class=\"elementor-widget-container\">\n\t\t\t\t\t<div class=\"qodef-shortcode qodef-m  qodef-section-title qodef-alignment--left  qodef-section-title--animated\">\n\t\t<h1 class=\"qodef-m-title\" >\n\t\t\t\t\tPrivacy policy<br \/>\t\t\t<\/h1>\n\t<\/div>\t\t\t\t<\/div>\n\t\t\t\t<\/div>\n\t\t\t\t<div class=\"elementor-element elementor-element-4929ca7 elementor-widget elementor-widget-text-editor\" data-id=\"4929ca7\" data-element_type=\"widget\" data-e-type=\"widget\" data-widget_type=\"text-editor.default\">\n\t\t\t\t<div class=\"elementor-widget-container\">\n\t\t\t\t\t\t\t\t\t<p><\/p><p><\/p><p>Marine H\u00e9risson s&rsquo;engage \u00e0 prot\u00e9ger votre vie priv\u00e9e. Contactez-moi si vous avez des questions ou des probl\u00e8mes concernant l\u2019utilisation de vos donn\u00e9es personnelles et je serai ravie de vous aider. En utilisant ce site et \/ ou mes services, vous acceptez le traitement de vos donn\u00e9es personnelles tel que d\u00e9crit dans cette politique de confidentialit\u00e9.<\/p><p><\/p><p><\/p><p><strong>Donn\u00e9es personnelles<\/strong> &#8211; toute information relative \u00e0 une personne physique identifi\u00e9e ou identifiable.<\/p><p><\/p><p><strong>Traitement\u00a0<\/strong>\u2013 toute op\u00e9ration ou ensemble d\u2019op\u00e9rations qui est effectu\u00e9 sur des donn\u00e9es personnelles ou sur des ensembles de donn\u00e9es personnelles.<\/p><p><\/p><p><strong>Personne concern\u00e9e\u00a0<\/strong>\u2013 une personne physique dont les donn\u00e9es personnelles sont en cours de traitement.<\/p><p><\/p><p><strong>Nous\u00a0<\/strong>\u2013 Marine H\u00e9risson<\/p><p><\/p><div class=\"wp-block-spacer\" style=\"height: 42px;\" aria-hidden=\"true\">\u00a0<\/div><p><\/p><h2 class=\"wp-block-heading has-medium-font-size\">1. Collecte de l&rsquo;information<\/h2><p><\/p><p>Je recueille des informations lorsque vous me contactez via le formulaire de contact. Les informations recueillies incluent votre nom, votre pr\u00e9nom, votre adresse e-mail et votre entreprise. En outre, je re\u00e7ois et enregistre automatiquement des informations \u00e0 partir de votre ordinateur et navigateur, y compris votre adresse IP, vos logiciels et votre mat\u00e9riel, et la page que vous demandez.<\/p><p>\u00a0<\/p><p><\/p><h2 class=\"wp-block-heading has-medium-font-size\">2. Utilisation des informations<\/h2><p><\/p><p>Toute les informations que nous recueillons aupr\u00e8s de vous peuvent \u00eatre utilis\u00e9es pour :<\/p><p><\/p><p>&#8211; Personnaliser votre exp\u00e9rience et r\u00e9pondre \u00e0 vos besoins individuels<\/p><p><\/p><p>&#8211; Fournir un contenu publicitaire personnalis\u00e9<\/p><p><\/p><p>&#8211; Am\u00e9liorer le site Web<\/p><p><\/p><p>&#8211; Am\u00e9liorer le service client et vos besoins de prise en charge<\/p><p><\/p><p>&#8211; Vous contacter par e-mail<\/p><p><\/p><p>&#8211; Administrer un concours, une promotion, ou un enqu\u00eate<\/p><p><\/p><p>Le traitement est effectu\u00e9 avec un minimum de donn\u00e9es. Je collecte et traite uniquement la quantit\u00e9 minimale de donn\u00e9es personnelles requises \u00e0 quelque fin que ce soit. Le traitement est limit\u00e9 dans le temps. Je ne conserve pas vos donn\u00e9es personnelles plus longtemps que n\u00e9cessaire.<\/p><p>\u00a0<\/p><p><\/p><h2 class=\"wp-block-heading has-medium-font-size\">3. Donn\u00e9es que je recueille<\/h2><p><\/p><p><strong>Informations que vous m&rsquo;avez fournies<\/strong><\/p><p><\/p><p>Il peut s\u2019agir de votre adresse e-mail, votre nom, etc., principalement des informations n\u00e9cessaires pour communiquer avec vous ou pour am\u00e9liorer votre exp\u00e9rience client avec moi. Ces informations que vous fournissez sont enregistr\u00e9es afin que vous puissiez par exemple \u00eatre recontact\u00e9 ou recevoir ma newsletter. En aucun cas, ces informations sont revendues ou c\u00e9d\u00e9es \u00e0 un tiers quels qu&rsquo;il soit.<\/p><p><\/p><p><strong>Informations collect\u00e9es automatiquement \u00e0 votre sujet<\/strong><\/p><p><\/p><p>Cela inclut les informations stock\u00e9es automatiquement par les cookies et autres outils de session, comme par exemple votre adresse IP. Ces informations sont utilis\u00e9es pour am\u00e9liorer votre exp\u00e9rience client. Lorsque vous utilisez mes services ou que vous consultez le contenu de mon site Web, vos activit\u00e9s peuvent \u00eatre consign\u00e9es.<\/p><p>\u00a0<\/p><p><\/p><h2 class=\"wp-block-heading has-medium-font-size\">4. Confidentialit\u00e9 et divulgation \u00e0 des tiers<\/h2><p><\/p><p>Je suis la seule propri\u00e9taires des informations recueillies sur ce site. Vos informations personnelles ne seront pas vendues, \u00e9chang\u00e9es, transf\u00e9r\u00e9es, ou donn\u00e9es \u00e0 une autre soci\u00e9t\u00e9 pour n\u2019importe quelle raison, sans votre consentement, en dehors de ce qui est n\u00e9cessaire pour r\u00e9pondre \u00e0 une demande et \/ ou une transaction, comme par exemple pour exp\u00e9dier une commande.<\/p><p>\u00a0<\/p><p><\/p><h2 class=\"wp-block-heading has-medium-font-size\">5. Protection des informations<\/h2><p><\/p><p>Je mets en \u0153uvre une vari\u00e9t\u00e9 de mesures de s\u00e9curit\u00e9 pour pr\u00e9server la s\u00e9curit\u00e9 de vos informations personnelles. Je suis la seule personne ayant acc\u00e8s \u00e0 vos informations personnelles. Les ordinateurs et serveurs utilis\u00e9s pour stocker des informations personnelles identifiables sont conserv\u00e9s dans un environnement s\u00e9curis\u00e9. Je prot\u00e9ges vos donn\u00e9es par des protocoles s\u00e9curis\u00e9s pour la communication et le transfert de donn\u00e9es (tel que HTTPS). Je surveilles mes syst\u00e8mes pour d\u00e9tecter d\u2019\u00e9ventuelles vuln\u00e9rabilit\u00e9s et attaques. Les syst\u00e8mes informatiques sont prot\u00e9g\u00e9s (Firewall, antivirus) et mis \u00e0 jour r\u00e9guli\u00e8rement (mises \u00e0 jour de s\u00e9curit\u00e9, syst\u00e8me, logiciels\u2026). Des op\u00e9rations de maintenance r\u00e9guli\u00e8res sont en place pour anticiper d\u2019\u00e9ventuels probl\u00e8mes.<\/p><p><\/p><p><strong>Est-ce que nous utilisons des cookies ?<\/strong><\/p><p><\/p><p>Les cookies am\u00e9liorent l\u2019acc\u00e8s \u00e0 mon site et identifient les visiteurs r\u00e9guliers. En outre, les cookies am\u00e9liorent l\u2019exp\u00e9rience d\u2019utilisateur gr\u00e2ce au suivi et au ciblage de ses int\u00e9r\u00eats. Cependant, cette utilisation des cookies n\u2019est en aucune fa\u00e7on li\u00e9e \u00e0 des informations personnelles identifiables sur notre site.<\/p><p>\u00a0<\/p><p><\/p><h2 class=\"wp-block-heading has-medium-font-size\">6. Se d\u00e9sabonner<\/h2><p><\/p><p>Nous utilisons l\u2019adresse e-mail que vous fournissez pour vous envoyer des informations et mises \u00e0 jour relatives \u00e0 des nouvelles de l\u2019entreprise de fa\u00e7on occasionnelle. Si \u00e0 n\u2019importe quel moment vous souhaitez vous d\u00e9sinscrire et ne plus recevoir d\u2019e-mails, des instructions de d\u00e9sabonnement sont incluses en bas de chaque e-mail.<\/p><p>\u00a0<\/p><p><\/p><h2 class=\"wp-block-heading has-medium-font-size\">7. Consentement<\/h2><p><\/p><p>En utilisant notre site, vous consentez \u00e0 notre politique de confidentialit\u00e9.<\/p><p><\/p>\t\t\t\t\t\t\t\t<\/div>\n\t\t\t\t<\/div>\n\t\t\t\t\t<\/div>\n\t\t<\/div>\n\t\t\t\t\t<\/div>\n\t\t<\/section>\n\t\t\t\t<\/div>","protected":false},"excerpt":{"rendered":"<p>Politique de confidentialit\u00e9 Marine H\u00e9risson s&rsquo;engage \u00e0 prot\u00e9ger votre vie priv\u00e9e. Contactez-moi si vous avez des questions ou des probl\u00e8mes concernant l\u2019utilisation de vos donn\u00e9es personnelles et je serai ravie de vous aider. En utilisant ce site et \/ ou mes services, vous acceptez le traitement de vos donn\u00e9es personnelles tel que d\u00e9crit dans cette [&hellip;]<\/p>\n","protected":false},"author":1,"featured_media":0,"parent":0,"menu_order":0,"comment_status":"closed","ping_status":"closed","template":"page-full-width.php","meta":{"footnotes":""},"class_list":["post-10403","page","type-page","status-publish","hentry"],"yoast_head":"<!-- This site is optimized with the Yoast SEO plugin v27.4 - https:\/\/yoast.com\/product\/yoast-seo-wordpress\/ -->\n<title>Politique de confidentialit\u00e9<\/title>\n<meta name=\"description\" content=\"Transformez vos id\u00e9es en cr\u00e9ations uniques avec le design produit et dessin de bijoux sur-mesure par Marine H\u00e9risson.&quot;\" \/>\n<meta name=\"robots\" content=\"noindex, follow\" \/>\n<meta property=\"og:locale\" content=\"en_US\" \/>\n<meta property=\"og:type\" content=\"article\" \/>\n<meta property=\"og:title\" content=\"Politique de confidentialit\u00e9\" \/>\n<meta property=\"og:description\" content=\"Transformez vos id\u00e9es en cr\u00e9ations uniques avec le design produit et dessin de bijoux sur-mesure par Marine H\u00e9risson.&quot;\" \/>\n<meta property=\"og:url\" content=\"https:\/\/marineherisson.com\/en\/politique_de_confidentialite\/\" \/>\n<meta property=\"og:site_name\" content=\"Marine H\u00e9risson | Design &amp; Mod\u00e9lisation 3D Bijoux\" \/>\n<meta property=\"article:modified_time\" content=\"2024-11-05T17:45:09+00:00\" \/>\n<meta name=\"twitter:card\" content=\"summary_large_image\" \/>\n<meta name=\"twitter:label1\" content=\"Est. reading time\" \/>\n\t<meta name=\"twitter:data1\" content=\"4 minutes\" \/>\n<script type=\"application\/ld+json\" class=\"yoast-schema-graph\">{\"@context\":\"https:\\\/\\\/schema.org\",\"@graph\":[{\"@type\":\"WebPage\",\"@id\":\"https:\\\/\\\/marineherisson.com\\\/politique_de_confidentialite\\\/\",\"url\":\"https:\\\/\\\/marineherisson.com\\\/politique_de_confidentialite\\\/\",\"name\":\"Politique de confidentialit\u00e9\",\"isPartOf\":{\"@id\":\"https:\\\/\\\/marineherisson.com\\\/#website\"},\"datePublished\":\"2024-11-01T15:30:17+00:00\",\"dateModified\":\"2024-11-05T17:45:09+00:00\",\"description\":\"Transformez vos id\u00e9es en cr\u00e9ations uniques avec le design produit et dessin de bijoux sur-mesure par Marine H\u00e9risson.\\\"\",\"breadcrumb\":{\"@id\":\"https:\\\/\\\/marineherisson.com\\\/politique_de_confidentialite\\\/#breadcrumb\"},\"inLanguage\":\"en-US\",\"potentialAction\":[{\"@type\":\"ReadAction\",\"target\":[\"https:\\\/\\\/marineherisson.com\\\/politique_de_confidentialite\\\/\"]}]},{\"@type\":\"BreadcrumbList\",\"@id\":\"https:\\\/\\\/marineherisson.com\\\/politique_de_confidentialite\\\/#breadcrumb\",\"itemListElement\":[{\"@type\":\"ListItem\",\"position\":1,\"name\":\"Accueil\",\"item\":\"https:\\\/\\\/marineherisson.com\\\/\"},{\"@type\":\"ListItem\",\"position\":2,\"name\":\"Politique de confidentialit\u00e9\"}]},{\"@type\":\"WebSite\",\"@id\":\"https:\\\/\\\/marineherisson.com\\\/#website\",\"url\":\"https:\\\/\\\/marineherisson.com\\\/\",\"name\":\"Designer - Mod\u00e9lisation & Rendu 3D - Joaillerie \\\/ Bijouterie\",\"description\":\"\",\"publisher\":{\"@id\":\"https:\\\/\\\/marineherisson.com\\\/#\\\/schema\\\/person\\\/6e1ac7c1f7e178742304bb55cd551700\"},\"potentialAction\":[{\"@type\":\"SearchAction\",\"target\":{\"@type\":\"EntryPoint\",\"urlTemplate\":\"https:\\\/\\\/marineherisson.com\\\/?s={search_term_string}\"},\"query-input\":{\"@type\":\"PropertyValueSpecification\",\"valueRequired\":true,\"valueName\":\"search_term_string\"}}],\"inLanguage\":\"en-US\"},{\"@type\":[\"Person\",\"Organization\"],\"@id\":\"https:\\\/\\\/marineherisson.com\\\/#\\\/schema\\\/person\\\/6e1ac7c1f7e178742304bb55cd551700\",\"name\":\"Marine H\u00e9risson\",\"image\":{\"@type\":\"ImageObject\",\"inLanguage\":\"en-US\",\"@id\":\"https:\\\/\\\/secure.gravatar.com\\\/avatar\\\/4d07ab01ec6da6c31d127e515bf1e8f0449c0695fd82bcb025a93d5f2839aca4?s=96&d=mm&r=g\",\"url\":\"https:\\\/\\\/secure.gravatar.com\\\/avatar\\\/4d07ab01ec6da6c31d127e515bf1e8f0449c0695fd82bcb025a93d5f2839aca4?s=96&d=mm&r=g\",\"contentUrl\":\"https:\\\/\\\/secure.gravatar.com\\\/avatar\\\/4d07ab01ec6da6c31d127e515bf1e8f0449c0695fd82bcb025a93d5f2839aca4?s=96&d=mm&r=g\",\"caption\":\"Marine H\u00e9risson\"},\"logo\":{\"@id\":\"https:\\\/\\\/secure.gravatar.com\\\/avatar\\\/4d07ab01ec6da6c31d127e515bf1e8f0449c0695fd82bcb025a93d5f2839aca4?s=96&d=mm&r=g\"},\"description\":\"Designer produit avec 10 ans d\u2019exp\u00e9rience dans l\u2019univers des bijoux, j\u2019ai d\u2019abord \u0153uvr\u00e9 pour une marque de montres et bijoux de haute-fantaisie avant de me lancer en tant qu\u2019ind\u00e9pendante. Je suis passionn\u00e9e par les beaux bijoux et j'ai \u00e0 c\u0153ur de partager mon exp\u00e9rience de designer pour les marques de bijouterie. Mes sujets pr\u00e9f\u00e9r\u00e9s sont principalement li\u00e9s \u00e0 la cr\u00e9ation : aux bijoux, au design, \u00e0 la mod\u00e9lisation et aux rendus 3D r\u00e9aliste !\",\"sameAs\":[\"https:\\\/\\\/marineherisson.com\",\"https:\\\/\\\/www.linkedin.com\\\/in\\\/marine-herisson\\\/\",\"https:\\\/\\\/www.pinterest.fr\\\/marineherisson\\\/\"]}]}<\/script>\n<!-- \/ Yoast SEO plugin. -->","yoast_head_json":{"title":"Privacy policy","description":"Transformez vos id\u00e9es en cr\u00e9ations uniques avec le design produit et dessin de bijoux sur-mesure par Marine H\u00e9risson.\"","robots":{"index":"noindex","follow":"follow"},"og_locale":"en_US","og_type":"article","og_title":"Politique de confidentialit\u00e9","og_description":"Transformez vos id\u00e9es en cr\u00e9ations uniques avec le design produit et dessin de bijoux sur-mesure par Marine H\u00e9risson.\"","og_url":"https:\/\/marineherisson.com\/en\/politique_de_confidentialite\/","og_site_name":"Marine H\u00e9risson | Design &amp; Mod\u00e9lisation 3D Bijoux","article_modified_time":"2024-11-05T17:45:09+00:00","twitter_card":"summary_large_image","twitter_misc":{"Est. reading time":"4 minutes"},"schema":{"@context":"https:\/\/schema.org","@graph":[{"@type":"WebPage","@id":"https:\/\/marineherisson.com\/politique_de_confidentialite\/","url":"https:\/\/marineherisson.com\/politique_de_confidentialite\/","name":"Privacy policy","isPartOf":{"@id":"https:\/\/marineherisson.com\/#website"},"datePublished":"2024-11-01T15:30:17+00:00","dateModified":"2024-11-05T17:45:09+00:00","description":"Transformez vos id\u00e9es en cr\u00e9ations uniques avec le design produit et dessin de bijoux sur-mesure par Marine H\u00e9risson.\"","breadcrumb":{"@id":"https:\/\/marineherisson.com\/politique_de_confidentialite\/#breadcrumb"},"inLanguage":"en-US","potentialAction":[{"@type":"ReadAction","target":["https:\/\/marineherisson.com\/politique_de_confidentialite\/"]}]},{"@type":"BreadcrumbList","@id":"https:\/\/marineherisson.com\/politique_de_confidentialite\/#breadcrumb","itemListElement":[{"@type":"ListItem","position":1,"name":"Accueil","item":"https:\/\/marineherisson.com\/"},{"@type":"ListItem","position":2,"name":"Politique de confidentialit\u00e9"}]},{"@type":"WebSite","@id":"https:\/\/marineherisson.com\/#website","url":"https:\/\/marineherisson.com\/","name":"Designer - Mod\u00e9lisation & Rendu 3D - Joaillerie \/ Bijouterie","description":"","publisher":{"@id":"https:\/\/marineherisson.com\/#\/schema\/person\/6e1ac7c1f7e178742304bb55cd551700"},"potentialAction":[{"@type":"SearchAction","target":{"@type":"EntryPoint","urlTemplate":"https:\/\/marineherisson.com\/?s={search_term_string}"},"query-input":{"@type":"PropertyValueSpecification","valueRequired":true,"valueName":"search_term_string"}}],"inLanguage":"en-US"},{"@type":["Person","Organization"],"@id":"https:\/\/marineherisson.com\/#\/schema\/person\/6e1ac7c1f7e178742304bb55cd551700","name":"Marine H\u00e9risson","image":{"@type":"ImageObject","inLanguage":"en-US","@id":"https:\/\/secure.gravatar.com\/avatar\/4d07ab01ec6da6c31d127e515bf1e8f0449c0695fd82bcb025a93d5f2839aca4?s=96&d=mm&r=g","url":"https:\/\/secure.gravatar.com\/avatar\/4d07ab01ec6da6c31d127e515bf1e8f0449c0695fd82bcb025a93d5f2839aca4?s=96&d=mm&r=g","contentUrl":"https:\/\/secure.gravatar.com\/avatar\/4d07ab01ec6da6c31d127e515bf1e8f0449c0695fd82bcb025a93d5f2839aca4?s=96&d=mm&r=g","caption":"Marine H\u00e9risson"},"logo":{"@id":"https:\/\/secure.gravatar.com\/avatar\/4d07ab01ec6da6c31d127e515bf1e8f0449c0695fd82bcb025a93d5f2839aca4?s=96&d=mm&r=g"},"description":"Designer produit avec 10 ans d\u2019exp\u00e9rience dans l\u2019univers des bijoux, j\u2019ai d\u2019abord \u0153uvr\u00e9 pour une marque de montres et bijoux de haute-fantaisie avant de me lancer en tant qu\u2019ind\u00e9pendante. Je suis passionn\u00e9e par les beaux bijoux et j'ai \u00e0 c\u0153ur de partager mon exp\u00e9rience de designer pour les marques de bijouterie. Mes sujets pr\u00e9f\u00e9r\u00e9s sont principalement li\u00e9s \u00e0 la cr\u00e9ation : aux bijoux, au design, \u00e0 la mod\u00e9lisation et aux rendus 3D r\u00e9aliste !","sameAs":["https:\/\/marineherisson.com","https:\/\/www.linkedin.com\/in\/marine-herisson\/","https:\/\/www.pinterest.fr\/marineherisson\/"]}]}},"_links":{"self":[{"href":"https:\/\/marineherisson.com\/en\/wp-json\/wp\/v2\/pages\/10403","targetHints":{"allow":["GET"]}}],"collection":[{"href":"https:\/\/marineherisson.com\/en\/wp-json\/wp\/v2\/pages"}],"about":[{"href":"https:\/\/marineherisson.com\/en\/wp-json\/wp\/v2\/types\/page"}],"author":[{"embeddable":true,"href":"https:\/\/marineherisson.com\/en\/wp-json\/wp\/v2\/users\/1"}],"replies":[{"embeddable":true,"href":"https:\/\/marineherisson.com\/en\/wp-json\/wp\/v2\/comments?post=10403"}],"version-history":[{"count":8,"href":"https:\/\/marineherisson.com\/en\/wp-json\/wp\/v2\/pages\/10403\/revisions"}],"predecessor-version":[{"id":10421,"href":"https:\/\/marineherisson.com\/en\/wp-json\/wp\/v2\/pages\/10403\/revisions\/10421"}],"wp:attachment":[{"href":"https:\/\/marineherisson.com\/en\/wp-json\/wp\/v2\/media?parent=10403"}],"curies":[{"name":"wp","href":"https:\/\/api.w.org\/{rel}","templated":true}]}}